{"id":3,"date":"2022-03-14T12:08:03","date_gmt":"2022-03-14T12:08:03","guid":{"rendered":"https:\/\/elev-damstahl.dk\/?page_id=3"},"modified":"2022-12-15T07:34:50","modified_gmt":"2022-12-15T07:34:50","slug":"privacy-policy","status":"publish","type":"page","link":"https:\/\/elev-damstahl.dk\/?page_id=3","title":{"rendered":"Privatlivspolitik"},"content":{"rendered":"\n<h4>Ge\u00adne\u00adrelt<\/h4>\n<ol>\n \t<li>Denne po\u00adli\u00adtik om be\u00adhand\u00adling af per\u00adso\u00adnop\u00adlys\u00adnin\u00adger (&#8220;Per\u00adson\u00adda\u00adta\u00adpo\u00adli\u00adtik&#8221;) be\u00adskri\u00adver, hvor\u00adle\u00addes Damstahl (&#8220;Virk\u00adsom\u00adhe\u00adden&#8221;, &#8220;os&#8221;, &#8220;vores&#8221;, &#8220;vi&#8221;) ind\u00adsam\u00adler og be\u00adhand\u00adler op\u00adlys\u00adnin\u00adger om dig.<\/li>\n \t<li>Per\u00adson\u00adda\u00adta\u00adpo\u00adli\u00adtik\u00adken g\u00e6l\u00adder for per\u00adso\u00adnop\u00adlys\u00adnin\u00adger, som du af\u00adgi\u00adver til os, eller som vi ind\u00adsam\u00adler via Virk\u00adsom\u00adhe\u00adden hjem\u00admesi\u00adde, https:\/\/elev-damstahl.dk\/ (&#8220;Hjem\u00admesi\u00adden&#8221;).<\/li>\n \t<li>Virk\u00adsom\u00adhe\u00adden er da\u00adta\u00adansvar\u00adlig for dine per\u00adso\u00adnop\u00adlys\u00adnin\u00adger. Al hen\u00adven\u00addel\u00adse til Virk\u00adsom\u00adhe\u00adden skal ske via kon\u00adtak\u00adtop\u00adlys\u00adnin\u00adger\u00adne an\u00adf\u00f8rt under pkt. 21.<\/li>\n<\/ol>\n<h4><strong>\n<\/strong>Virk\u00adsom\u00adhe\u00adden Ind\u00adsam\u00adling af dine per\u00adso\u00adnop\u00adlys\u00adnin\u00adger<\/h4>\n<ol start=\"4\">\n \t<li><strong>Hvil\u00adke per\u00adso\u00adnop\u00adlys\u00adnin\u00adger ind\u00adsam\u00adler vi og til hvil\u00adke for\u00adm\u00e5l?<\/strong>\n<ol>\n \t<li>N\u00e5r du be\u00ads\u00f8\u00adger Hjem\u00admesi\u00adden, ind\u00adsam\u00adler vi au\u00adto\u00adma\u00adtisk op\u00adlys\u00adnin\u00adger om dig, fx om hvil\u00adken type brow\u00adser du bru\u00adger, hvil\u00adke s\u00f8\u00adge\u00adter\u00admer du bru\u00adger p\u00e5 Hjem\u00admesi\u00adden, din IP-adres\u00adse og in\u00adfor\u00adma\u00adtio\u00adner om din com\u00adpu\u00adter med hen\u00adblik p\u00e5 at op\u00adti\u00adme\u00adre kon\u00adver\u00adte\u00adrin\u00adgen p\u00e5 Hjem\u00admesi\u00adden, for\u00adbed\u00adre denne og fo\u00adre\u00adta\u00adge m\u00e5\u00adl\u00adret\u00adtet mar\u00adkeds\u00adf\u00f8\u00adring.<\/li>\n \t<li>N\u00e5r du til\u00admel\u00adder dig vores nyheds\u00adbrev eller downloader materiale fra Hjemmesiden, af\u00adgi\u00adver du dit ud\u00adtryk\u00adke\u00adli\u00adge samtyk\u00adke til, at vi m\u00e5 ind\u00adsam\u00adle op\u00adlys\u00adnin\u00adger om dig, fx navn, adres\u00adse, e-mailadres\u00adse og te\u00adle\u00adfon\u00adnr.<\/li>\n \t<li>Vi bru\u00adger de op\u00adlys\u00adnin\u00adger, som vi ind\u00adsam\u00adler i for\u00adbin\u00addel\u00adse med din til\u00admel\u00adding til nyheds\u00adbre\u00advet eller evt. downloads til at ad\u00admi\u00adni\u00adstre\u00adre til\u00admel\u00addin\u00adgen og til di\u00adrek\u00adte mar\u00adkeds\u00adf\u00f8\u00adring, her\u00adun\u00adder at kunne in\u00adfor\u00adme\u00adre dig om vores arrangementer og til at give dig andre nyhe\u00adder og in\u00adfor\u00adma\u00adtio\u00adner, som du har givet dit s\u00e6r\u00adskil\u00adte samtyk\u00adke til, at vi m\u00e5 sende til dig.<\/li>\n<\/ol>\n<\/li>\n \t<li><strong>Hvad er grund\u00adla\u00adget for ind\u00adsam\u00adlin\u00adgen?<\/strong>\n<ol>\n \t<li>Ind\u00adsam\u00adlin\u00adgen af op\u00adlys\u00adnin\u00adger, som n\u00e6vnt i pkt. 4.1 og 4.2, er n\u00f8d\u00adven\u00addig for, at vi kan va\u00adre\u00adta\u00adge vores in\u00adter\u00ades\u00adser i at for\u00adbed\u00adre funk\u00adtio\u00adner p\u00e5 Hjem\u00admesi\u00adden og op\u00adbyg\u00adnin\u00adgen af denne samt til\u00adby\u00adde dig re\u00adle\u00advan\u00adte til\u00adbud.<\/li>\n \t<li>Ind\u00adsam\u00adlin\u00adgen af op\u00adlys\u00adnin\u00adger, som n\u00e6vnt i pkt. 4.2, er n\u00f8d\u00adven\u00addig for, at vi kan op\u00adfyl\u00adde vores af\u00adta\u00adle med dig.<\/li>\n \t<li>Vi ind\u00adsam\u00adler kun de i pkt. 4.2 n\u00e6vn\u00adte op\u00adlys\u00adnin\u00adger, hvis du af\u00adgi\u00adver dit ud\u00adtryk\u00adke\u00adli\u00adge samtyk\u00adke her\u00adtil.<\/li>\n<\/ol>\n<\/li>\n<\/ol>\n<h4>Brug af da\u00adta\u00adbe\u00adhand\u00adle\u00adre<\/h4>\n<ol start=\"6\">\n \t<li>Vi an\u00adven\u00adder ek\u00adster\u00adne virk\u00adsom\u00adhe\u00adder til blandt andet at fo\u00adre\u00adta\u00adge den tek\u00adni\u00adske drift af Hjem\u00admesi\u00adden fx bi\u00adst\u00e5r vores le\u00adve\u00adran\u00add\u00f8\u00adrer os i for\u00adbin\u00addel\u00adse med ud\u00adf\u00f8\u00adrel\u00adse af m\u00e5\u00adl\u00adret\u00adtet mar\u00adkeds\u00adf\u00f8\u00adring, her\u00adun\u00adder til re\u00adt\u00adar\u00adge\u00adting, og for\u00adbed\u00adring af Hjem\u00admesi\u00adden. Disse virk\u00adsom\u00adhe\u00adder er da\u00adta\u00adbe\u00adhand\u00adle\u00adre og under vores in\u00adstruks og be\u00adhand\u00adler data, som vi er da\u00adta\u00adansvar\u00adli\u00adge for. Da\u00adta\u00adbe\u00adhand\u00adler\u00adne m\u00e5 ikke an\u00adven\u00adde da\u00adta\u00ade\u00adne til andet for\u00adm\u00e5l end op\u00adfyl\u00addel\u00adse af af\u00adta\u00adlen med os, og er un\u00adder\u00adlagt for\u00adtro\u00adlig\u00adhed om disse.<\/li>\n \t<li>En af disse da\u00adta\u00adbe\u00adhand\u00adle\u00adre, Goog\u00adle Ana\u00adly\u00adti\u00adcs v\/Goog\u00adle Inc, er etab\u00adle\u00adret i USA. De for\u00adn\u00f8d\u00adne ga\u00adran\u00adti\u00ader for over\u00adf\u00f8r\u00adsel af op\u00adlys\u00adnin\u00adger til USA er sik\u00adret gen\u00adnem da\u00adta\u00adbe\u00adhand\u00adle\u00adrens cer\u00adti\u00adfi\u00adce\u00adring under EU-U.S. Pri\u00adva\u00adcy Shield. En kopi af cer\u00adti\u00adfi\u00adce\u00adrin\u00adgen kan fin\u00addes her: <a href=\"https:\/\/www.privacyshield.gov\/participant?id=a2zt000000001L5AAI\">https:\/\/\u200bwww.\u200bprivacyshield.\u200bgov\/\u200bparticipant?\u200bid=a2zt000000001L5AAI<\/a><\/li>\n<\/ol>\n<h4><strong>\n<\/strong>Dine ret\u00adtig\u00adhe\u00adder<\/h4>\nMed hen\u00adblik p\u00e5 at skabe \u00e5ben\u00adhed om\u00adkring be\u00adhand\u00adlin\u00adgen af dine op\u00adlys\u00adnin\u00adger skal vi, som da\u00adta\u00adansvar\u00adlig, op\u00adly\u00adse dig om dine ret\u00adtig\u00adhe\u00adder:\n<ol start=\"8\">\n \t<li><strong>Ind\u00adsigts\u00adret\u00adten<\/strong>\n<ol>\n \t<li>Du er til en\u00adhver tid be\u00adret\u00adti\u00adget til skrift\u00adlig at an\u00admo\u00adde os om op\u00adlys\u00adning om blandt andet, hvil\u00adke op\u00adlys\u00adnin\u00adger vi har re\u00adgi\u00adstre\u00adret om dig, hvil\u00adket for\u00adm\u00e5l re\u00adgi\u00adstre\u00adrin\u00adgen tje\u00adner, hvil\u00adke ka\u00adte\u00adgo\u00adri\u00ader af per\u00adso\u00adnop\u00adlys\u00adnin\u00adger og mod\u00adta\u00adge\u00adre af op\u00adlys\u00adnin\u00adger der evt. m\u00e5tte v\u00e6re, samt op\u00adlys\u00adning om hvor\u00adfra op\u00adlys\u00adnin\u00adger\u00adne stam\u00admer.<\/li>\n \t<li>Du har ret til at f\u00e5 ud\u00adle\u00adve\u00adret en kopi af de per\u00adso\u00adnop\u00adlys\u00adnin\u00adger, som vi be\u00adhand\u00adler om dig. Hvis du \u00f8n\u00adsker en kopi af dine per\u00adso\u00adnop\u00adlys\u00adnin\u00adger, skal du sende en skrift\u00adlig an\u00admod\u00adning til os sam\u00admen med do\u00adku\u00admen\u00adta\u00adtion for, at du er den p\u00e5\u00adg\u00e6l\u00adden\u00adde per\u00adson.<\/li>\n<\/ol>\n<\/li>\n \t<li><strong>Ret\u00adten til be\u00adrig\u00adti\u00adgel\u00adse<\/strong>\n<ol>\n \t<li>Du har ret til at f\u00e5 urig\u00adti\u00adge per\u00adso\u00adnop\u00adlys\u00adnin\u00adger om dig selv be\u00adrig\u00adti\u00adget af os. S\u00e5\u00adfremt du bli\u00adver op\u00adm\u00e6rk\u00adsom p\u00e5, at der er fejl i de op\u00adlys\u00adnin\u00adger, som vi har re\u00adgi\u00adstre\u00adret om dig, op\u00adfor\u00addres du til at rette skrift\u00adlig hen\u00adven\u00addel\u00adse til os, s\u00e5 op\u00adlys\u00adnin\u00adger\u00adne kan blive kor\u00adri\u00adge\u00adret.<\/li>\n<\/ol>\n<\/li>\n \t<li><strong>Ret\u00adten til slet\u00adning<\/strong>\n<ol>\n \t<li>Du ret til at f\u00e5 alle eller visse af dine per\u00adso\u00adnop\u00adlys\u00adnin\u00adger slet\u00adtet af os.<\/li>\n<\/ol>\n<\/li>\n \t<li><strong>Ret\u00adten til at be\u00adgr\u00e6n\u00adse be\u00adhand\u00adlin\u00adgen til op\u00adbe\u00adva\u00adring<\/strong>\n<ol>\n \t<li>Du har i visse til\u00adf\u00e6l\u00adde ret til at f\u00e5 be\u00adgr\u00e6n\u00adset be\u00adhand\u00adlin\u00adgen af dine per\u00adso\u00adnop\u00adlys\u00adnin\u00adger til kun at best\u00e5 af op\u00adbe\u00adva\u00adring, fx hvis du mener, at de op\u00adlys\u00adnin\u00adger, vi be\u00adhand\u00adler om dig, ikke er kor\u00adrek\u00adte.<\/li>\n<\/ol>\n<\/li>\n \t<li><strong>Ret\u00adten til da\u00adta\u00adporta\u00adbi\u00adli\u00adtet<\/strong>\n<ol>\n \t<li>Du har ret til at f\u00e5 dine per\u00adso\u00adnop\u00adlys\u00adnin\u00adger ud\u00adle\u00adve\u00adret i et struk\u00adtu\u00adre\u00adret, al\u00admin\u00adde\u00adligt an\u00advendt og ma\u00adskin\u00adl\u00e6s\u00adbar for\u00admat og har ret til at over\u00adf\u00f8\u00adre disse op\u00adlys\u00adnin\u00adger til en anden da\u00adta\u00adansvar\u00adlig, n\u00e5r vi ind\u00adsam\u00adler dine per\u00adso\u00adnop\u00adlys\u00adnin\u00adger i for\u00adbin\u00addel\u00adse med, at du af\u00adgi\u00adver dit samtyk\u00adke til til\u00admel\u00adding til vores nyheds\u00adbrev, jf. pkt. 4.2 og 4.3.<\/li>\n<\/ol>\n<\/li>\n \t<li><strong>Ret\u00adten til ind\u00adsi\u00adgel\u00adse<\/strong>\n<ol>\n \t<li>Du har til en\u00adhver tid ret til af s\u00e6r\u00adli\u00adge grun\u00adde, at g\u00f8re ind\u00adsi\u00adgel\u00adse mod vores be\u00adhand\u00adling af dine per\u00adso\u00adnop\u00adlys\u00adnin\u00adger, som vi ind\u00adsam\u00adler til brug for at for\u00adbed\u00adre funk\u00adtio\u00adner p\u00e5 Hjem\u00admesi\u00adden og op\u00adbyg\u00adnin\u00adgen heraf, jf. pkt. 4.1<\/li>\n \t<li>Du har end\u00advi\u00adde\u00adre til en\u00adhver tid ret til at g\u00f8re ind\u00adsi\u00adgel\u00adse mod vores be\u00adhand\u00adling af dine per\u00adso\u00adnop\u00adlys\u00adnin\u00adger, som vi be\u00adhand\u00adler med hen\u00adblik p\u00e5 di\u00adrek\u00adte mar\u00adkeds\u00adf\u00f8\u00adring, jf. pkt. 4.2 og 4.3.<\/li>\n \t<li>Hvis du g\u00f8r ind\u00adsi\u00adgel\u00adse mod be\u00adhand\u00adlin\u00adgen, er vi ikke l\u00e6n\u00adge\u00adre be\u00adret\u00adti\u00adget til at be\u00adhand\u00adle dine per\u00adso\u00adnop\u00adlys\u00adnin\u00adger, med\u00admin\u00addre vi kan p\u00e5\u00advi\u00adse lov\u00adli\u00adge grun\u00adde til fort\u00adsat be\u00adhand\u00adling.<\/li>\n<\/ol>\n<\/li>\n \t<li><strong>Ret\u00adten til at til\u00adba\u00adge\u00adkal\u00adde samtyk\u00adke<\/strong>\n<ol>\n \t<li>Du har til en\u00adhver tid ret til at til\u00adba\u00adge\u00adkal\u00adde dit samtyk\u00adke.<\/li>\n \t<li>Hvis du \u00f8n\u00adsker at til\u00adba\u00adge\u00adkal\u00adde dit samtyk\u00adke, bedes du kon\u00adtak\u00adte os p\u00e5 damstahl@damstahl.com<\/li>\n<\/ol>\n<\/li>\n \t<li><strong>Ret\u00adten til at klage<\/strong>\n<ol>\n \t<li>Du har til en\u00adhver tid ret til at ind\u00adgi\u00adve en klage til Da\u00adta\u00adtil\u00adsy\u00adnet, Bor\u00adger\u00adga\u00adde 28, 5, 1300 K\u00f8\u00adben\u00adhavn K over vores be\u00adhand\u00adling af dine per\u00adso\u00adnop\u00adlys\u00adnin\u00adger.<\/li>\n<\/ol>\n<\/li>\n<\/ol>\n<h4>Slet\u00adning af per\u00adson\u00adda\u00adta<\/h4>\n<ol start=\"16\">\n \t<li>Op\u00adlys\u00adnin\u00adger som vi har ind\u00adsam\u00adlet i for\u00adbin\u00addel\u00adse med, at du har givet dit samtyk\u00adke til, at vi m\u00e5 sende dig mar\u00adkeds\u00adf\u00f8\u00adring pr. e-mail, SMS og post, vil vi slet\u00adte, hvis du til\u00adba\u00adge\u00adkal\u00adder dit samtyk\u00adke.<\/li>\n \t<li>Op\u00adlys\u00adnin\u00adger som vi har ind\u00adsam\u00adlet i for\u00adbin\u00addel\u00adse med din til\u00admel\u00adding til vores nyheds\u00adbrev, vil vi slet\u00adte, s\u00e5\u00adfremt du ret\u00adter hen\u00adven\u00addel\u00adse her om. I samt\u00adli\u00adge nyheds\u00adbre\u00adve vil du have mu\u00adlig\u00adhed for at re\u00adspon\u00adde\u00adre og der\u00adved at fra\u00adv\u00e6l\u00adge din til\u00admel\u00adding. Ved fra\u00admel\u00adding, slet\u00adter vi au\u00adto\u00adma\u00adtisk de data vi har ind\u00adsam\u00adlet p\u00e5 dig.<\/li>\n<\/ol>\n<h4>Sik\u00adker\u00adhed<\/h4>\n<ol start=\"18\">\n \t<li>Vi har gen\u00adnem\u00adf\u00f8rt pas\u00adsen\u00adde tek\u00adni\u00adske og or\u00adga\u00adni\u00adsa\u00adto\u00adri\u00adske sik\u00adker\u00adheds\u00adfor\u00adan\u00adstalt\u00adnin\u00adger mod, at per\u00adso\u00adnop\u00adlys\u00adnin\u00adger h\u00e6n\u00adde\u00adligt eller ulov\u00adligt til\u00adin\u00adtet\u00adg\u00f8\u00adres, forta\u00adbes, \u00e6n\u00addres eller for\u00adrin\u00adges samt mod, at de kom\u00admer til uved\u00adkom\u00admen\u00addes kend\u00adskab eller mis\u00adbru\u00adges.<\/li>\n \t<li>Kun me\u00add\u00adar\u00adbej\u00adde\u00adre, der har et reelt behov for at f\u00e5 ad\u00adgang til dine per\u00adso\u00adnop\u00adlys\u00adnin\u00adger for at ud\u00adf\u00f8\u00adre deres ar\u00adbej\u00adde, har ad\u00adgang til disse.<\/li>\n<\/ol>\n<h4><strong>\n<\/strong>Kon\u00adtak\u00adtop\u00adlys\u00adnin\u00adger<\/h4>\n<ol start=\"20\">\n \t<li>Virksomheden er da\u00adta\u00adansvar\u00adlig for de per\u00adson\u00adda\u00adta, som ind\u00adsam\u00adles via Hjem\u00admesi\u00adden.<\/li>\n \t<li>Hvis du har sp\u00f8rgs\u00adm\u00e5l eller be\u00adm\u00e6rk\u00adnin\u00adger til denne Per\u00adson\u00adda\u00adta\u00adpo\u00adli\u00adtik, kan du kon\u00adtak\u00adte:<br>\nDamstahl a\/s<br>\nDanmarksvej 28<br>\nDK-8660 Skanderborg <br>\nTelefon:+45 8794 4000<br>\nMail: <a href=\"mailto:damstahl@damstahl.com\">damstahl@damstahl.com<\/a><br><\/li>\n<\/ol>\n<h4>\u00c6n\u00addrin\u00adger i per\u00adson\u00adda\u00adta\u00adpo\u00adli\u00adtik\u00adken<\/h4>\n<ol start=\"22\">\n \t<li>Vi er til en\u00adhver tid be\u00adret\u00adti\u00adget til at fo\u00adre\u00adta\u00adge \u00e6n\u00addrin\u00adger i denne Per\u00adson\u00adda\u00adta\u00adpo\u00adli\u00adtik. S\u00e5\u00adfremt vi fo\u00adre\u00adta\u00adger \u00e6n\u00addrin\u00adger i Per\u00adson\u00adda\u00adta\u00adpo\u00adli\u00adtik\u00adken, vil du blive ori\u00aden\u00adte\u00adret om dette ved dit n\u00e6ste bes\u00f8g p\u00e5 Hjem\u00admesi\u00adden.<\/li>\n \t<li>S\u00e5\u00adfremt du ikke kan ac\u00adcep\u00adte\u00adre den \u00e6n\u00addre\u00adde po\u00adli\u00adtik, har du ikke mu\u00adlig\u00adhed for at fort\u00ads\u00e6t\u00adte bru\u00adgen af Hjem\u00admesi\u00adden, og dine per\u00adso\u00adnop\u00adlys\u00adnin\u00adger kan blive slet\u00adtet.<\/li>\n<\/ol>\n<h4>Ver\u00adsio\u00adner<\/h4>\n<ol start=\"24\">\n \t<li>Dette er ver\u00adsion 2.0 af Virk\u00adsom\u00adhe\u00addens per\u00adson\u00adda\u00adta\u00adpo\u00adli\u00adtik da\u00adte\u00adret den 14.12.2022<\/li>\n<\/ol>\n&nbsp;\n\n<script id=\"CookieDeclaration\" src=\"https:\/\/consent.cookiebot.com\/92b72302-7d28-467d-b383-0d93b3cf50a5\/cd.js\" type=\"text\/javascript\" async=\"\"><\/script>\n","protected":false},"excerpt":{"rendered":"<p>Ge\u00adne\u00adrelt Denne po\u00adli\u00adtik om be\u00adhand\u00adling af per\u00adso\u00adnop\u00adlys\u00adnin\u00adger (&#8220;Per\u00adson\u00adda\u00adta\u00adpo\u00adli\u00adtik&#8221;) be\u00adskri\u00adver, hvor\u00adle\u00addes Damstahl (&#8220;Virk\u00adsom\u00adhe\u00adden&#8221;, &#8220;os&#8221;, &#8220;vores&#8221;, &#8220;vi&#8221;) ind\u00adsam\u00adler og be\u00adhand\u00adler op\u00adlys\u00adnin\u00adger om dig. Per\u00adson\u00adda\u00adta\u00adpo\u00adli\u00adtik\u00adken g\u00e6l\u00adder for per\u00adso\u00adnop\u00adlys\u00adnin\u00adger, som du af\u00adgi\u00adver til os, eller som vi ind\u00adsam\u00adler via Virk\u00adsom\u00adhe\u00adden hjem\u00admesi\u00adde, https:\/\/elev-damstahl.dk\/ (&#8220;Hjem\u00admesi\u00adden&#8221;). Virk\u00adsom\u00adhe\u00adden er da\u00adta\u00adansvar\u00adlig for dine per\u00adso\u00adnop\u00adlys\u00adnin\u00adger. Al hen\u00adven\u00addel\u00adse til Virk\u00adsom\u00adhe\u00adden skal ske via kon\u00adtak\u00adtop\u00adlys\u00adnin\u00adger\u00adne an\u00adf\u00f8rt under &#8230; <a title=\"Privatlivspolitik\" class=\"read-more\" href=\"https:\/\/elev-damstahl.dk\/?page_id=3\" aria-label=\"More on Privatlivspolitik\">L\u00e6s mere <\/a><\/p>\n","protected":false},"author":1,"featured_media":0,"parent":0,"menu_order":0,"comment_status":"closed","ping_status":"open","template":"","meta":{"_generate-full-width-content":"","footnotes":""},"class_list":["post-3","page","type-page","status-publish"],"_links":{"self":[{"href":"https:\/\/elev-damstahl.dk\/index.php?rest_route=\/wp\/v2\/pages\/3","targetHints":{"allow":["GET"]}}],"collection":[{"href":"https:\/\/elev-damstahl.dk\/index.php?rest_route=\/wp\/v2\/pages"}],"about":[{"href":"https:\/\/elev-damstahl.dk\/index.php?rest_route=\/wp\/v2\/types\/page"}],"author":[{"embeddable":true,"href":"https:\/\/elev-damstahl.dk\/index.php?rest_route=\/wp\/v2\/users\/1"}],"replies":[{"embeddable":true,"href":"https:\/\/elev-damstahl.dk\/index.php?rest_route=%2Fwp%2Fv2%2Fcomments&post=3"}],"version-history":[{"count":2,"href":"https:\/\/elev-damstahl.dk\/index.php?rest_route=\/wp\/v2\/pages\/3\/revisions"}],"predecessor-version":[{"id":301,"href":"https:\/\/elev-damstahl.dk\/index.php?rest_route=\/wp\/v2\/pages\/3\/revisions\/301"}],"wp:attachment":[{"href":"https:\/\/elev-damstahl.dk\/index.php?rest_route=%2Fwp%2Fv2%2Fmedia&parent=3"}],"curies":[{"name":"wp","href":"https:\/\/api.w.org\/{rel}","templated":true}]}}